{"id":3070,"date":"2022-09-26T14:58:25","date_gmt":"2022-09-26T19:58:25","guid":{"rendered":"https:\/\/cit.grupobasilico.com\/producto\/creme-brulee\/"},"modified":"2024-02-01T11:08:29","modified_gmt":"2024-02-01T17:08:29","slug":"creme-brulee","status":"publish","type":"product","link":"https:\/\/cit.grupobasilico.com\/en\/product\/creme-brulee\/","title":{"rendered":"Cr\u00e8me Br\u00fbl\u00e9e"},"content":{"rendered":"<p>Made with natural vanilla and eggs, caramelized at the moment.<\/p>","protected":false},"excerpt":{"rendered":"<p>Made with natural vanilla and eggs, caramelized at the moment.<\/p>","protected":false},"featured_media":0,"template":"","meta":{"_acf_changed":false},"product_brand":[],"product_cat":[143],"product_tag":[],"class_list":{"0":"post-3070","1":"product","2":"type-product","3":"status-publish","5":"product_cat-postres","7":"first","8":"instock","9":"taxable","10":"shipping-taxable","11":"product-type-simple"},"acf":[],"_links":{"self":[{"href":"https:\/\/cit.grupobasilico.com\/en\/wp-json\/wp\/v2\/product\/3070","targetHints":{"allow":["GET"]}}],"collection":[{"href":"https:\/\/cit.grupobasilico.com\/en\/wp-json\/wp\/v2\/product"}],"about":[{"href":"https:\/\/cit.grupobasilico.com\/en\/wp-json\/wp\/v2\/types\/product"}],"wp:attachment":[{"href":"https:\/\/cit.grupobasilico.com\/en\/wp-json\/wp\/v2\/media?parent=3070"}],"wp:term":[{"taxonomy":"product_brand","embeddable":true,"href":"https:\/\/cit.grupobasilico.com\/en\/wp-json\/wp\/v2\/product_brand?post=3070"},{"taxonomy":"product_cat","embeddable":true,"href":"https:\/\/cit.grupobasilico.com\/en\/wp-json\/wp\/v2\/product_cat?post=3070"},{"taxonomy":"product_tag","embeddable":true,"href":"https:\/\/cit.grupobasilico.com\/en\/wp-json\/wp\/v2\/product_tag?post=3070"}],"curies":[{"name":"wp","href":"https:\/\/api.w.org\/{rel}","templated":true}]}}